{"id":1994,"date":"2021-10-29T14:07:11","date_gmt":"2021-10-29T12:07:11","guid":{"rendered":"https:\/\/www2.hotel-aria.fr\/?page_id=1994"},"modified":"2026-02-12T09:47:42","modified_gmt":"2026-02-12T08:47:42","slug":"tourisme","status":"publish","type":"page","link":"https:\/\/www.palaisannecy.com\/fr\/tourisme\/","title":{"rendered":"Tourisme"},"content":{"rendered":"\t\t<div data-elementor-type=\"wp-page\" data-elementor-id=\"1994\" class=\"elementor elementor-1994\" data-elementor-post-type=\"page\">\n\t\t\t\t\t\t<section data-dce-background-overlay-color=\"#000000\" data-dce-background-image-url=\"https:\/\/www.palaisannecy.com\/wp-content\/uploads\/banners\/isle_annecy_45_premium_2_min-1679x500-1.jpg\" class=\"elementor-section elementor-top-section elementor-element elementor-element-56649a1 elementor-section-height-min-height elementor-section-boxed elementor-section-height-default elementor-section-items-middle\" data-id=\"56649a1\" data-element_type=\"section\" data-e-type=\"section\" data-settings=\"{&quot;background_background&quot;:&quot;classic&quot;}\">\n\t\t\t\t\t\t\t<div class=\" elementor-background-overlay lazyelementorbackgroundimages \"><\/div>\n\t\t\t\t\t\t\t<div class=\"elementor-container elementor-column-gap-default\">\n\t\t\t\t\t<div class=\"elementor-column elementor-col-100 elementor-top-column elementor-element elementor-element-8ac1b6b\" data-id=\"8ac1b6b\" data-element_type=\"column\" data-e-type=\"column\">\n\t\t\t<div class=\"elementor-widget-wrap elementor-element-populated\">\n\t\t\t\t\t\t<div data-dce-title-color=\"#FFFFFF\" class=\"elementor-element elementor-element-d2a63aa elementor-widget__width-initial elementor-widget-tablet__width-inherit elementor-widget elementor-widget-heading\" data-id=\"d2a63aa\" data-element_type=\"widget\" data-e-type=\"widget\" data-widget_type=\"heading.default\">\n\t\t\t\t<div class=\"elementor-widget-container\">\n\t\t\t\t\t<span class=\"elementor-heading-title elementor-size-default\">Tourisme<\/span>\t\t\t\t<\/div>\n\t\t\t\t<\/div>\n\t\t\t\t\t<\/div>\n\t\t<\/div>\n\t\t\t\t\t<\/div>\n\t\t<\/section>\n\t\t\t\t<section class=\"elementor-section elementor-top-section elementor-element elementor-element-fa707c4 elementor-section-full_width elementor-section-height-default elementor-section-height-default\" data-id=\"fa707c4\" data-element_type=\"section\" data-e-type=\"section\">\n\t\t\t\t\t\t<div class=\"elementor-container elementor-column-gap-default\">\n\t\t\t\t\t<div class=\"elementor-column elementor-col-100 elementor-top-column elementor-element elementor-element-a95ea4d\" data-id=\"a95ea4d\" data-element_type=\"column\" data-e-type=\"column\">\n\t\t\t<div class=\"elementor-widget-wrap elementor-element-populated\">\n\t\t\t\t\t\t<div class=\"elementor-element elementor-element-54f71f3 elementor-widget__width-initial elementor-widget-tablet__width-inherit elementor-widget elementor-widget-heading\" data-id=\"54f71f3\" data-element_type=\"widget\" data-e-type=\"widget\" data-widget_type=\"heading.default\">\n\t\t\t\t<div class=\"elementor-widget-container\">\n\t\t\t\t\t<h1 class=\"elementor-heading-title elementor-size-default\">D\u00e9couvrez Annecy \u00e0 pied depuis le centre historique<\/h1>\t\t\t\t<\/div>\n\t\t\t\t<\/div>\n\t\t\t\t<div class=\"elementor-element elementor-element-bbd3a24 elementor-widget-divider--view-line elementor-widget elementor-widget-divider\" data-id=\"bbd3a24\" data-element_type=\"widget\" data-e-type=\"widget\" data-widget_type=\"divider.default\">\n\t\t\t\t<div class=\"elementor-widget-container\">\n\t\t\t\t\t\t\t<div class=\"elementor-divider\">\n\t\t\t<span class=\"elementor-divider-separator\">\n\t\t\t\t\t\t<\/span>\n\t\t<\/div>\n\t\t\t\t\t\t<\/div>\n\t\t\t\t<\/div>\n\t\t\t\t<div class=\"elementor-element elementor-element-e0633d9 elementor-widget elementor-widget-text-editor\" data-id=\"e0633d9\" data-element_type=\"widget\" data-e-type=\"widget\" data-widget_type=\"text-editor.default\">\n\t\t\t\t<div class=\"elementor-widget-container\">\n\t\t\t\t\t\t\t\t\t<p>Gr\u00e2ce \u00e0 son emplacement central, l\u2019H\u00f4tel Palais de l\u2019Isle permet de profiter pleinement de toutes les facettes d\u2019Annecy. Que vous veniez pour un court s\u00e9jour, un week-end ou des vacances, s\u00e9journer au c\u0153ur de la ville facilite l\u2019acc\u00e8s aux sites touristiques et aux activit\u00e9s locales.<\/p>\t\t\t\t\t\t\t\t<\/div>\n\t\t\t\t<\/div>\n\t\t\t\t<section class=\"elementor-section elementor-inner-section elementor-element elementor-element-80edb30 elementor-section-full_width elementor-section-height-default elementor-section-height-default\" data-id=\"80edb30\" data-element_type=\"section\" data-e-type=\"section\">\n\t\t\t\t\t\t<div class=\"elementor-container elementor-column-gap-default\">\n\t\t\t\t\t<div class=\"elementor-column elementor-col-50 elementor-inner-column elementor-element elementor-element-ee5fbb8\" data-id=\"ee5fbb8\" data-element_type=\"column\" data-e-type=\"column\">\n\t\t\t<div class=\"elementor-widget-wrap elementor-element-populated\">\n\t\t\t\t\t\t<div class=\"elementor-element elementor-element-95f6997 elementor-widget__width-initial elementor-widget-tablet__width-inherit elementor-widget elementor-widget-heading\" data-id=\"95f6997\" data-element_type=\"widget\" data-e-type=\"widget\" data-widget_type=\"heading.default\">\n\t\t\t\t<div class=\"elementor-widget-container\">\n\t\t\t\t\t<h2 class=\"elementor-heading-title elementor-size-default\">Que faire \u00e0 Annecy centre?<\/h2>\t\t\t\t<\/div>\n\t\t\t\t<\/div>\n\t\t\t\t<div class=\"elementor-element elementor-element-e67fc78 elementor-widget-divider--view-line elementor-widget elementor-widget-divider\" data-id=\"e67fc78\" data-element_type=\"widget\" data-e-type=\"widget\" data-widget_type=\"divider.default\">\n\t\t\t\t<div class=\"elementor-widget-container\">\n\t\t\t\t\t\t\t<div class=\"elementor-divider\">\n\t\t\t<span class=\"elementor-divider-separator\">\n\t\t\t\t\t\t<\/span>\n\t\t<\/div>\n\t\t\t\t\t\t<\/div>\n\t\t\t\t<\/div>\n\t\t\t\t<div class=\"elementor-element elementor-element-06e29bd elementor-widget elementor-widget-text-editor\" data-id=\"06e29bd\" data-element_type=\"widget\" data-e-type=\"widget\" data-widget_type=\"text-editor.default\">\n\t\t\t\t<div class=\"elementor-widget-container\">\n\t\t\t\t\t\t\t\t\t<p data-start=\"2306\" data-end=\"2630\">S\u00e9journer \u00e0 l\u2019H\u00f4tel Palais de l\u2019Isle permet de d\u00e9couvrir <strong data-start=\"2363\" data-end=\"2380\">Annecy \u00e0 pied<\/strong>, en profitant pleinement de son centre historique et de ses principaux sites touristiques. Situ\u00e9e au c\u0153ur de la vieille ville, l\u2019adresse constitue un point de d\u00e9part id\u00e9al pour explorer la ville, le lac et les environs, sans contrainte de transport.<\/p><p data-start=\"2632\" data-end=\"2786\">Annecy s\u00e9duit par son patrimoine, ses canaux, son lac et son cadre naturel exceptionnel, offrant une grande diversit\u00e9 d\u2019activit\u00e9s tout au long de l\u2019ann\u00e9e.<\/p>\t\t\t\t\t\t\t\t<\/div>\n\t\t\t\t<\/div>\n\t\t\t\t\t<\/div>\n\t\t<\/div>\n\t\t\t\t<div class=\"elementor-column elementor-col-50 elementor-inner-column elementor-element elementor-element-586c8a8\" data-id=\"586c8a8\" data-element_type=\"column\" data-e-type=\"column\">\n\t\t\t<div class=\"elementor-widget-wrap elementor-element-populated\">\n\t\t\t\t\t\t<div class=\"elementor-element elementor-element-0b4cb89 elementor-widget elementor-widget-image\" data-id=\"0b4cb89\" data-element_type=\"widget\" data-e-type=\"widget\" data-widget_type=\"image.default\">\n\t\t\t\t<div class=\"elementor-widget-container\">\n\t\t\t\t\t\t\t\t\t\t\t\t\t\t\t<img fetchpriority=\"high\" decoding=\"async\" width=\"800\" height=\"534\" src=\"https:\/\/www.palaisannecy.com\/wp-content\/uploads\/tourisme\/palais-de-lisle-annecy-balade-et-visite-1024x683.webp\" class=\"attachment-large size-large wp-image-18036\" alt=\"Vue du canal du Thiou a Annecy avec le Palais de lIsle, promeneurs et montagnes en arriere plan\" srcset=\"https:\/\/www.palaisannecy.com\/wp-content\/uploads\/tourisme\/palais-de-lisle-annecy-balade-et-visite-1024x683.webp 1024w, https:\/\/www.palaisannecy.com\/wp-content\/uploads\/tourisme\/palais-de-lisle-annecy-balade-et-visite-300x200.webp 300w, https:\/\/www.palaisannecy.com\/wp-content\/uploads\/tourisme\/palais-de-lisle-annecy-balade-et-visite-768x512.webp 768w, https:\/\/www.palaisannecy.com\/wp-content\/uploads\/tourisme\/palais-de-lisle-annecy-balade-et-visite.webp 1200w\" sizes=\"(max-width: 800px) 100vw, 800px\" \/>\t\t\t\t\t\t\t\t\t\t\t\t\t\t\t<\/div>\n\t\t\t\t<\/div>\n\t\t\t\t\t<\/div>\n\t\t<\/div>\n\t\t\t\t\t<\/div>\n\t\t<\/section>\n\t\t\t\t<section class=\"elementor-section elementor-inner-section elementor-element elementor-element-37e092b elementor-section-full_width elementor-reverse-mobile elementor-section-height-default elementor-section-height-default\" data-id=\"37e092b\" data-element_type=\"section\" data-e-type=\"section\">\n\t\t\t\t\t\t<div class=\"elementor-container elementor-column-gap-default\">\n\t\t\t\t\t<div class=\"elementor-column elementor-col-50 elementor-inner-column elementor-element elementor-element-b42a1c6\" data-id=\"b42a1c6\" data-element_type=\"column\" data-e-type=\"column\">\n\t\t\t<div class=\"elementor-widget-wrap elementor-element-populated\">\n\t\t\t\t\t\t<div class=\"elementor-element elementor-element-eaf7556 elementor-widget elementor-widget-image\" data-id=\"eaf7556\" data-element_type=\"widget\" data-e-type=\"widget\" data-widget_type=\"image.default\">\n\t\t\t\t<div class=\"elementor-widget-container\">\n\t\t\t\t\t\t\t\t\t\t\t\t\t\t\t<img decoding=\"async\" width=\"800\" height=\"533\" src=\"https:\/\/www.palaisannecy.com\/wp-content\/uploads\/tourisme\/palais-de-lisle-annecy-activites-1024x682.webp\" class=\"attachment-large size-large wp-image-18039\" alt=\"Vue du Palais de lIsle a Annecy, monument historique au coeur des canaux de la vieille ville\" srcset=\"https:\/\/www.palaisannecy.com\/wp-content\/uploads\/tourisme\/palais-de-lisle-annecy-activites-1024x682.webp 1024w, https:\/\/www.palaisannecy.com\/wp-content\/uploads\/tourisme\/palais-de-lisle-annecy-activites-300x200.webp 300w, https:\/\/www.palaisannecy.com\/wp-content\/uploads\/tourisme\/palais-de-lisle-annecy-activites-768x512.webp 768w, https:\/\/www.palaisannecy.com\/wp-content\/uploads\/tourisme\/palais-de-lisle-annecy-activites-1536x1024.webp 1536w, https:\/\/www.palaisannecy.com\/wp-content\/uploads\/tourisme\/palais-de-lisle-annecy-activites.webp 2000w\" sizes=\"(max-width: 800px) 100vw, 800px\" \/>\t\t\t\t\t\t\t\t\t\t\t\t\t\t\t<\/div>\n\t\t\t\t<\/div>\n\t\t\t\t\t<\/div>\n\t\t<\/div>\n\t\t\t\t<div class=\"elementor-column elementor-col-50 elementor-inner-column elementor-element elementor-element-26136b5\" data-id=\"26136b5\" data-element_type=\"column\" data-e-type=\"column\">\n\t\t\t<div class=\"elementor-widget-wrap elementor-element-populated\">\n\t\t\t\t\t\t<div class=\"elementor-element elementor-element-fc00a9d elementor-widget__width-initial elementor-widget-tablet__width-inherit elementor-widget elementor-widget-heading\" data-id=\"fc00a9d\" data-element_type=\"widget\" data-e-type=\"widget\" data-widget_type=\"heading.default\">\n\t\t\t\t<div class=\"elementor-widget-container\">\n\t\t\t\t\t<h2 class=\"elementor-heading-title elementor-size-default\">D\u00e9couvrir la vieille ville d'Annecy<\/h2>\t\t\t\t<\/div>\n\t\t\t\t<\/div>\n\t\t\t\t<div class=\"elementor-element elementor-element-6f6b816 elementor-widget-divider--view-line elementor-widget elementor-widget-divider\" data-id=\"6f6b816\" data-element_type=\"widget\" data-e-type=\"widget\" data-widget_type=\"divider.default\">\n\t\t\t\t<div class=\"elementor-widget-container\">\n\t\t\t\t\t\t\t<div class=\"elementor-divider\">\n\t\t\t<span class=\"elementor-divider-separator\">\n\t\t\t\t\t\t<\/span>\n\t\t<\/div>\n\t\t\t\t\t\t<\/div>\n\t\t\t\t<\/div>\n\t\t\t\t<div class=\"elementor-element elementor-element-ee8e20f elementor-widget elementor-widget-text-editor\" data-id=\"ee8e20f\" data-element_type=\"widget\" data-e-type=\"widget\" data-widget_type=\"text-editor.default\">\n\t\t\t\t<div class=\"elementor-widget-container\">\n\t\t\t\t\t\t\t\t\t<p data-start=\"2839\" data-end=\"3141\">La vieille ville d\u2019Annecy est l\u2019un des quartiers les plus embl\u00e9matiques de la ville. Ses ruelles pav\u00e9es, ses arcades, ses canaux et ses fa\u00e7ades color\u00e9es invitent \u00e0 la promenade. Le <strong data-start=\"3020\" data-end=\"3040\">Palais de l\u2019Isle<\/strong>, monument historique incontournable, se situe face \u00e0 l\u2019h\u00f4tel et constitue un point de rep\u00e8re majeur.<\/p><p data-start=\"3143\" data-end=\"3313\">Les march\u00e9s, boutiques, caf\u00e9s et restaurants participent \u00e0 l\u2019animation quotidienne du centre historique et permettent de d\u00e9couvrir Annecy dans une atmosph\u00e8re authentique.<\/p>\t\t\t\t\t\t\t\t<\/div>\n\t\t\t\t<\/div>\n\t\t\t\t\t<\/div>\n\t\t<\/div>\n\t\t\t\t\t<\/div>\n\t\t<\/section>\n\t\t\t\t<section class=\"elementor-section elementor-inner-section elementor-element elementor-element-6bc7e3f elementor-section-full_width elementor-section-height-default elementor-section-height-default\" data-id=\"6bc7e3f\" data-element_type=\"section\" data-e-type=\"section\">\n\t\t\t\t\t\t<div class=\"elementor-container elementor-column-gap-default\">\n\t\t\t\t\t<div class=\"elementor-column elementor-col-50 elementor-inner-column elementor-element elementor-element-fa3d44e\" data-id=\"fa3d44e\" data-element_type=\"column\" data-e-type=\"column\">\n\t\t\t<div class=\"elementor-widget-wrap elementor-element-populated\">\n\t\t\t\t\t\t<div class=\"elementor-element elementor-element-56851e7 elementor-widget__width-initial elementor-widget-tablet__width-inherit elementor-widget elementor-widget-heading\" data-id=\"56851e7\" data-element_type=\"widget\" data-e-type=\"widget\" data-widget_type=\"heading.default\">\n\t\t\t\t<div class=\"elementor-widget-container\">\n\t\t\t\t\t<h2 class=\"elementor-heading-title elementor-size-default\">Profiter du lac d'Annecy<\/h2>\t\t\t\t<\/div>\n\t\t\t\t<\/div>\n\t\t\t\t<div class=\"elementor-element elementor-element-a5c9e58 elementor-widget-divider--view-line elementor-widget elementor-widget-divider\" data-id=\"a5c9e58\" data-element_type=\"widget\" data-e-type=\"widget\" data-widget_type=\"divider.default\">\n\t\t\t\t<div class=\"elementor-widget-container\">\n\t\t\t\t\t\t\t<div class=\"elementor-divider\">\n\t\t\t<span class=\"elementor-divider-separator\">\n\t\t\t\t\t\t<\/span>\n\t\t<\/div>\n\t\t\t\t\t\t<\/div>\n\t\t\t\t<\/div>\n\t\t\t\t<div class=\"elementor-element elementor-element-1d79a5e elementor-widget elementor-widget-text-editor\" data-id=\"1d79a5e\" data-element_type=\"widget\" data-e-type=\"widget\" data-widget_type=\"text-editor.default\">\n\t\t\t\t<div class=\"elementor-widget-container\">\n\t\t\t\t\t\t\t\t\t<p data-start=\"3355\" data-end=\"3615\">Accessible en quelques minutes \u00e0 pied depuis le centre-ville, le lac d\u2019Annecy est r\u00e9put\u00e9 pour la qualit\u00e9 de ses eaux et son environnement naturel. Les quais am\u00e9nag\u00e9s offrent de belles promenades, tandis que les plages permettent de se d\u00e9tendre aux beaux jours.<\/p><p data-start=\"3617\" data-end=\"3778\">Selon la saison, il est possible de pratiquer de nombreuses activit\u00e9s autour du lac, comme la promenade, le v\u00e9lo ou simplement l\u2019observation des paysages alpins.<\/p>\t\t\t\t\t\t\t\t<\/div>\n\t\t\t\t<\/div>\n\t\t\t\t\t<\/div>\n\t\t<\/div>\n\t\t\t\t<div class=\"elementor-column elementor-col-50 elementor-inner-column elementor-element elementor-element-d93238c\" data-id=\"d93238c\" data-element_type=\"column\" data-e-type=\"column\">\n\t\t\t<div class=\"elementor-widget-wrap elementor-element-populated\">\n\t\t\t\t\t\t<div class=\"elementor-element elementor-element-0fa9055 elementor-widget elementor-widget-image\" data-id=\"0fa9055\" data-element_type=\"widget\" data-e-type=\"widget\" data-widget_type=\"image.default\">\n\t\t\t\t<div class=\"elementor-widget-container\">\n\t\t\t\t\t\t\t\t\t\t\t\t\t\t\t<img decoding=\"async\" width=\"800\" height=\"536\" src=\"https:\/\/www.palaisannecy.com\/wp-content\/uploads\/tourisme\/palais-de-lisle-annecy-evenements-incontournables.webp\" class=\"attachment-large size-large wp-image-18042\" alt=\"H\u00f4tel Palais de l&#039;Isle Annecy - Ev\u00e8nements incontournables\" srcset=\"https:\/\/www.palaisannecy.com\/wp-content\/uploads\/tourisme\/palais-de-lisle-annecy-evenements-incontournables.webp 929w, https:\/\/www.palaisannecy.com\/wp-content\/uploads\/tourisme\/palais-de-lisle-annecy-evenements-incontournables-300x201.webp 300w, https:\/\/www.palaisannecy.com\/wp-content\/uploads\/tourisme\/palais-de-lisle-annecy-evenements-incontournables-768x514.webp 768w\" sizes=\"(max-width: 800px) 100vw, 800px\" \/>\t\t\t\t\t\t\t\t\t\t\t\t\t\t\t<\/div>\n\t\t\t\t<\/div>\n\t\t\t\t\t<\/div>\n\t\t<\/div>\n\t\t\t\t\t<\/div>\n\t\t<\/section>\n\t\t\t\t<section class=\"elementor-section elementor-inner-section elementor-element elementor-element-9985248 elementor-section-full_width elementor-reverse-mobile elementor-section-height-default elementor-section-height-default\" data-id=\"9985248\" data-element_type=\"section\" data-e-type=\"section\">\n\t\t\t\t\t\t<div class=\"elementor-container elementor-column-gap-default\">\n\t\t\t\t\t<div class=\"elementor-column elementor-col-50 elementor-inner-column elementor-element elementor-element-7190ff5\" data-id=\"7190ff5\" data-element_type=\"column\" data-e-type=\"column\">\n\t\t\t<div class=\"elementor-widget-wrap elementor-element-populated\">\n\t\t\t\t\t\t<div class=\"elementor-element elementor-element-4be6d8e elementor-widget elementor-widget-image\" data-id=\"4be6d8e\" data-element_type=\"widget\" data-e-type=\"widget\" data-widget_type=\"image.default\">\n\t\t\t\t<div class=\"elementor-widget-container\">\n\t\t\t\t\t\t\t\t\t\t\t\t\t\t\t<img loading=\"lazy\" decoding=\"async\" width=\"2000\" height=\"1333\" src=\"https:\/\/www.palaisannecy.com\/wp-content\/uploads\/vendome-nice-blog4.jpg\" class=\"attachment-full size-full wp-image-22870\" alt=\"\" srcset=\"https:\/\/www.palaisannecy.com\/wp-content\/uploads\/vendome-nice-blog4.jpg 2000w, https:\/\/www.palaisannecy.com\/wp-content\/uploads\/vendome-nice-blog4-300x200.jpg 300w, https:\/\/www.palaisannecy.com\/wp-content\/uploads\/vendome-nice-blog4-1024x682.jpg 1024w, https:\/\/www.palaisannecy.com\/wp-content\/uploads\/vendome-nice-blog4-768x512.jpg 768w, https:\/\/www.palaisannecy.com\/wp-content\/uploads\/vendome-nice-blog4-1536x1024.jpg 1536w\" sizes=\"(max-width: 2000px) 100vw, 2000px\" \/>\t\t\t\t\t\t\t\t\t\t\t\t\t\t\t<\/div>\n\t\t\t\t<\/div>\n\t\t\t\t\t<\/div>\n\t\t<\/div>\n\t\t\t\t<div class=\"elementor-column elementor-col-50 elementor-inner-column elementor-element elementor-element-6fcfa5b\" data-id=\"6fcfa5b\" data-element_type=\"column\" data-e-type=\"column\">\n\t\t\t<div class=\"elementor-widget-wrap elementor-element-populated\">\n\t\t\t\t\t\t<div class=\"elementor-element elementor-element-035b77e elementor-widget__width-initial elementor-widget-tablet__width-inherit elementor-widget elementor-widget-heading\" data-id=\"035b77e\" data-element_type=\"widget\" data-e-type=\"widget\" data-widget_type=\"heading.default\">\n\t\t\t\t<div class=\"elementor-widget-container\">\n\t\t\t\t\t<h2 class=\"elementor-heading-title elementor-size-default\">Balades et incontournables \u00e0 pied<\/h2>\t\t\t\t<\/div>\n\t\t\t\t<\/div>\n\t\t\t\t<div class=\"elementor-element elementor-element-71dc86e elementor-widget-divider--view-line elementor-widget elementor-widget-divider\" data-id=\"71dc86e\" data-element_type=\"widget\" data-e-type=\"widget\" data-widget_type=\"divider.default\">\n\t\t\t\t<div class=\"elementor-widget-container\">\n\t\t\t\t\t\t\t<div class=\"elementor-divider\">\n\t\t\t<span class=\"elementor-divider-separator\">\n\t\t\t\t\t\t<\/span>\n\t\t<\/div>\n\t\t\t\t\t\t<\/div>\n\t\t\t\t<\/div>\n\t\t\t\t<div class=\"elementor-element elementor-element-d8ed456 elementor-widget elementor-widget-text-editor\" data-id=\"d8ed456\" data-element_type=\"widget\" data-e-type=\"widget\" data-widget_type=\"text-editor.default\">\n\t\t\t\t<div class=\"elementor-widget-container\">\n\t\t\t\t\t\t\t\t\tDepuis le centre historique, de nombreuses balades sont accessibles \u00e0 pied : jardins, ponts, quais et points de vue permettent de d\u00e9couvrir Annecy sous diff\u00e9rents angles. La proximit\u00e9 entre le centre-ville, le lac et les principaux sites culturels rend la ville particuli\u00e8rement agr\u00e9able \u00e0 explorer sans v\u00e9hicule.\t\t\t\t\t\t\t\t<\/div>\n\t\t\t\t<\/div>\n\t\t\t\t<div class=\"elementor-element elementor-element-d6092cf elementor-widget__width-initial elementor-widget-tablet__width-inherit elementor-widget elementor-widget-heading\" data-id=\"d6092cf\" data-element_type=\"widget\" data-e-type=\"widget\" data-widget_type=\"heading.default\">\n\t\t\t\t<div class=\"elementor-widget-container\">\n\t\t\t\t\t<h2 class=\"elementor-heading-title elementor-size-default\">Activit\u00e9s et d\u00e9couvertes autour d'annecy<\/h2>\t\t\t\t<\/div>\n\t\t\t\t<\/div>\n\t\t\t\t<div class=\"elementor-element elementor-element-6c583a9 elementor-widget-divider--view-line elementor-widget elementor-widget-divider\" data-id=\"6c583a9\" data-element_type=\"widget\" data-e-type=\"widget\" data-widget_type=\"divider.default\">\n\t\t\t\t<div class=\"elementor-widget-container\">\n\t\t\t\t\t\t\t<div class=\"elementor-divider\">\n\t\t\t<span class=\"elementor-divider-separator\">\n\t\t\t\t\t\t<\/span>\n\t\t<\/div>\n\t\t\t\t\t\t<\/div>\n\t\t\t\t<\/div>\n\t\t\t\t<div class=\"elementor-element elementor-element-50d64e9 elementor-widget elementor-widget-text-editor\" data-id=\"50d64e9\" data-element_type=\"widget\" data-e-type=\"widget\" data-widget_type=\"text-editor.default\">\n\t\t\t\t<div class=\"elementor-widget-container\">\n\t\t\t\t\t\t\t\t\t<p>Annecy constitue \u00e9galement un excellent point de d\u00e9part pour d\u00e9couvrir les environs : montagnes, villages typiques, sentiers de randonn\u00e9e et sites naturels se trouvent \u00e0 courte distance. Ces excursions compl\u00e8tent parfaitement un s\u00e9jour urbain et culturel.<\/p>\t\t\t\t\t\t\t\t<\/div>\n\t\t\t\t<\/div>\n\t\t\t\t\t<\/div>\n\t\t<\/div>\n\t\t\t\t\t<\/div>\n\t\t<\/section>\n\t\t\t\t\t<\/div>\n\t\t<\/div>\n\t\t\t\t\t<\/div>\n\t\t<\/section>\n\t\t\t\t<\/div>\n\t\t","protected":false},"excerpt":{"rendered":"<p>D\u00e9couvrez Annecy \u00e0 pied depuis le centre historique Gr\u00e2ce \u00e0 son emplacement central, l\u2019H\u00f4tel Palais de l\u2019Isle permet de profiter pleinement de toutes les facettes d\u2019Annecy. Que vous veniez pour un court s\u00e9jour, un week-end ou des vacances, s\u00e9journer au c\u0153ur de la ville facilite l\u2019acc\u00e8s aux sites touristiques et aux activit\u00e9s locales. Que faire [&hellip;]<\/p>\n","protected":false},"author":3,"featured_media":0,"parent":0,"menu_order":0,"comment_status":"closed","ping_status":"closed","template":"","meta":{"_acf_changed":false,"footnotes":""},"class_list":["post-1994","page","type-page","status-publish","hentry"],"acf":[],"_links":{"self":[{"href":"https:\/\/www.palaisannecy.com\/fr\/wp-json\/wp\/v2\/pages\/1994","targetHints":{"allow":["GET"]}}],"collection":[{"href":"https:\/\/www.palaisannecy.com\/fr\/wp-json\/wp\/v2\/pages"}],"about":[{"href":"https:\/\/www.palaisannecy.com\/fr\/wp-json\/wp\/v2\/types\/page"}],"author":[{"embeddable":true,"href":"https:\/\/www.palaisannecy.com\/fr\/wp-json\/wp\/v2\/users\/3"}],"replies":[{"embeddable":true,"href":"https:\/\/www.palaisannecy.com\/fr\/wp-json\/wp\/v2\/comments?post=1994"}],"version-history":[{"count":47,"href":"https:\/\/www.palaisannecy.com\/fr\/wp-json\/wp\/v2\/pages\/1994\/revisions"}],"predecessor-version":[{"id":24763,"href":"https:\/\/www.palaisannecy.com\/fr\/wp-json\/wp\/v2\/pages\/1994\/revisions\/24763"}],"wp:attachment":[{"href":"https:\/\/www.palaisannecy.com\/fr\/wp-json\/wp\/v2\/media?parent=1994"}],"curies":[{"name":"wp","href":"https:\/\/api.w.org\/{rel}","templated":true}]}}