{"id":22217,"date":"2023-10-26T18:04:40","date_gmt":"2023-10-26T16:04:40","guid":{"rendered":"https:\/\/www.palaisannecy.com\/?page_id=22217"},"modified":"2026-02-12T10:20:05","modified_gmt":"2026-02-12T09:20:05","slug":"plan-du-site","status":"publish","type":"page","link":"https:\/\/www.palaisannecy.com\/fr\/plan-du-site\/","title":{"rendered":"Plan du site"},"content":{"rendered":"\t\t<div data-elementor-type=\"wp-page\" data-elementor-id=\"22217\" class=\"elementor elementor-22217\" data-elementor-post-type=\"page\">\n\t\t\t\t\t\t<section data-dce-background-overlay-color=\"#000000\" data-dce-background-image-url=\"https:\/\/www.palaisannecy.com\/wp-content\/uploads\/galerie\/isle_annecy_premium_double_pdj_salon5.jpg\" class=\"elementor-section elementor-top-section elementor-element elementor-element-cc45c2f elementor-section-height-min-height elementor-section-boxed elementor-section-height-default elementor-section-items-middle\" data-id=\"cc45c2f\" data-element_type=\"section\" data-e-type=\"section\" data-settings=\"{&quot;background_background&quot;:&quot;classic&quot;}\">\n\t\t\t\t\t\t\t<div class=\" elementor-background-overlay lazyelementorbackgroundimages \"><\/div>\n\t\t\t\t\t\t\t<div class=\"elementor-container elementor-column-gap-default\">\n\t\t\t\t\t<div class=\"elementor-column elementor-col-100 elementor-top-column elementor-element elementor-element-8d5e77d\" data-id=\"8d5e77d\" data-element_type=\"column\" data-e-type=\"column\">\n\t\t\t<div class=\"elementor-widget-wrap elementor-element-populated\">\n\t\t\t\t\t\t\t<\/div>\n\t\t<\/div>\n\t\t\t\t\t<\/div>\n\t\t<\/section>\n\t\t\t\t<section class=\"elementor-section elementor-top-section elementor-element elementor-element-9a03046 elementor-section-full_width elementor-section-height-default elementor-section-height-default\" data-id=\"9a03046\" data-element_type=\"section\" data-e-type=\"section\">\n\t\t\t\t\t\t<div class=\"elementor-container elementor-column-gap-default\">\n\t\t\t\t\t<div class=\"elementor-column elementor-col-100 elementor-top-column elementor-element elementor-element-3960699 sitemap-links-container\" data-id=\"3960699\" data-element_type=\"column\" data-e-type=\"column\">\n\t\t\t<div class=\"elementor-widget-wrap elementor-element-populated\">\n\t\t\t\t\t\t<section class=\"elementor-section elementor-inner-section elementor-element elementor-element-4d6695d elementor-section-full_width article-conent-styles elementor-section-height-default elementor-section-height-default\" data-id=\"4d6695d\" data-element_type=\"section\" data-e-type=\"section\">\n\t\t\t\t\t\t<div class=\"elementor-container elementor-column-gap-default\">\n\t\t\t\t\t<div class=\"elementor-column elementor-col-100 elementor-inner-column elementor-element elementor-element-c1b60f6\" data-id=\"c1b60f6\" data-element_type=\"column\" data-e-type=\"column\">\n\t\t\t<div class=\"elementor-widget-wrap elementor-element-populated\">\n\t\t\t\t\t\t<div class=\"elementor-element elementor-element-b0f6067 elementor-widget-mobile__width-initial elementor-widget elementor-widget-sitemap\" data-id=\"b0f6067\" data-element_type=\"widget\" data-e-type=\"widget\" data-widget_type=\"sitemap.default\">\n\t\t\t\t<div class=\"elementor-widget-container\">\n\t\t\t\t\t<div class=\"elementor-sitemap-wrap\"><div class=\"elementor-sitemap-section\"><h2 class=\"elementor-sitemap-title elementor-sitemap-page-title\">Pages<\/h2><ul class=\"elementor-sitemap-list elementor-sitemap-page-list\"><li class=\"elementor-sitemap-item elementor-sitemap-item-page page_item page-item-21515\"><a href=\"https:\/\/www.palaisannecy.com\/fr\/\">Accueil<\/a><\/li><li class=\"elementor-sitemap-item elementor-sitemap-item-page page_item page-item-10840\"><a href=\"https:\/\/www.palaisannecy.com\/fr\/blog\/\">Blog<\/a><\/li><li class=\"elementor-sitemap-item elementor-sitemap-item-page page_item page-item-373\"><a href=\"https:\/\/www.palaisannecy.com\/fr\/chambres\/\">Chambres<\/a><\/li><li class=\"elementor-sitemap-item elementor-sitemap-item-page page_item page-item-1327\"><a href=\"https:\/\/www.palaisannecy.com\/fr\/conditions-generales-de-vente\/\">Conditions G\u00e9n\u00e9rales de Vente<\/a><\/li><li class=\"elementor-sitemap-item elementor-sitemap-item-page page_item page-item-569\"><a href=\"https:\/\/www.palaisannecy.com\/fr\/contact-acces\/\">Contact &#038; acc\u00e8s<\/a><\/li><li class=\"elementor-sitemap-item elementor-sitemap-item-page page_item page-item-548\"><a href=\"https:\/\/www.palaisannecy.com\/fr\/galerie-photos\/\">Galerie photos<\/a><\/li><li class=\"elementor-sitemap-item elementor-sitemap-item-page page_item page-item-3\"><a href=\"https:\/\/www.palaisannecy.com\/fr\/mentions-legales\/\">Mentions l\u00e9gales<\/a><\/li><li class=\"elementor-sitemap-item elementor-sitemap-item-page page_item page-item-22159\"><a href=\"https:\/\/www.palaisannecy.com\/fr\/notre-charte-environnementale\/\">Notre Charte environnementale<\/a><\/li><li class=\"elementor-sitemap-item elementor-sitemap-item-page page_item page-item-1392\"><a href=\"https:\/\/www.palaisannecy.com\/fr\/offres\/\">Offres \/ Id\u00e9es cadeau<\/a><\/li><li class=\"elementor-sitemap-item elementor-sitemap-item-page page_item page-item-22217\"><a href=\"https:\/\/www.palaisannecy.com\/fr\/plan-du-site\/\">Plan du site<\/a><\/li><li class=\"elementor-sitemap-item elementor-sitemap-item-page page_item page-item-1289\"><a href=\"https:\/\/www.palaisannecy.com\/fr\/politique-confidentialite\/\">Politique de confidentialit\u00e9<\/a><\/li><li class=\"elementor-sitemap-item elementor-sitemap-item-page page_item page-item-1049\"><a href=\"https:\/\/www.palaisannecy.com\/fr\/services\/\">Services<\/a><\/li><li class=\"elementor-sitemap-item elementor-sitemap-item-page page_item page-item-1994\"><a href=\"https:\/\/www.palaisannecy.com\/fr\/tourisme\/\">Tourisme<\/a><\/li><\/ul><\/div><\/div>\t\t\t\t<\/div>\n\t\t\t\t<\/div>\n\t\t\t\t<div class=\"elementor-element elementor-element-e997453 elementor-widget-mobile__width-initial elementor-widget elementor-widget-sitemap\" data-id=\"e997453\" data-element_type=\"widget\" data-e-type=\"widget\" data-widget_type=\"sitemap.default\">\n\t\t\t\t<div class=\"elementor-widget-container\">\n\t\t\t\t\t<div class=\"elementor-sitemap-wrap\"><div class=\"elementor-sitemap-section\"><h2 class=\"elementor-sitemap-title elementor-sitemap-post-title\">Articles<\/h2><ul class=\"elementor-sitemap-list elementor-sitemap-post-list\"><li class=\"elementor-sitemap-item elementor-sitemap-item-post page_item page-item-12254\"><a href=\"https:\/\/www.palaisannecy.com\/fr\/le-lac-dannecy-a-lhorizon-grace-a-un-hotel-bien-situe\/\">Le lac d\u2019Annecy \u00e0 l\u2019horizon gr\u00e2ce \u00e0 un h\u00f4tel bien situ\u00e9<\/a><\/li><li class=\"elementor-sitemap-item elementor-sitemap-item-post page_item page-item-11305\"><a href=\"https:\/\/www.palaisannecy.com\/fr\/passez-la-saint-valentin-dans-la-venise-des-alpes\/\">Passez la Saint-Valentin dans la Venise des Alpes<\/a><\/li><li class=\"elementor-sitemap-item elementor-sitemap-item-post page_item page-item-11365\"><a href=\"https:\/\/www.palaisannecy.com\/fr\/reveillons-en-savoie-le-charme-de-la-ville-dannecy\/\">R\u00e9veillons en Savoie : le charme de la ville d\u2019Annecy<\/a><\/li><li class=\"elementor-sitemap-item elementor-sitemap-item-post page_item page-item-11372\"><a href=\"https:\/\/www.palaisannecy.com\/fr\/tombez-sous-le-charme-de-la-venise-des-alpes\/\">Tombez sous le charme de la Venise des Alpes<\/a><\/li><li class=\"elementor-sitemap-item elementor-sitemap-item-post page_item page-item-11268\"><a href=\"https:\/\/www.palaisannecy.com\/fr\/top-10-des-activites-a-faire-a-annecy\/\">Top 10 des activit\u00e9s \u00e0 faire \u00e0 Annecy<\/a><\/li><li class=\"elementor-sitemap-item elementor-sitemap-item-post page_item page-item-14088\"><a href=\"https:\/\/www.palaisannecy.com\/fr\/un-hotel-dexception-a-deux-pas-du-lac-dannecy\/\">Un h\u00f4tel d\u2019exception \u00e0 deux pas du lac d\u2019Annecy<\/a><\/li><li class=\"elementor-sitemap-item elementor-sitemap-item-post page_item page-item-11353\"><a href=\"https:\/\/www.palaisannecy.com\/fr\/voyagez-dans-les-couloirs-du-temps-dans-la-vieille-ville-dannecy\/\">Voyagez dans les couloirs du temps dans la vieille ville d\u2019Annecy<\/a><\/li><li class=\"elementor-sitemap-item elementor-sitemap-item-post page_item page-item-24304\"><a href=\"https:\/\/www.palaisannecy.com\/fr\/week-end-romantique-annecy\/\">Week-end romantique \u00e0 Annecy : Guide complet pour un s\u00e9jour inoubliable<\/a><\/li><\/ul><\/div><\/div>\t\t\t\t<\/div>\n\t\t\t\t<\/div>\n\t\t\t\t<div class=\"elementor-element elementor-element-910f199 elementor-widget-mobile__width-initial elementor-widget elementor-widget-sitemap\" data-id=\"910f199\" data-element_type=\"widget\" data-e-type=\"widget\" data-widget_type=\"sitemap.default\">\n\t\t\t\t<div class=\"elementor-widget-container\">\n\t\t\t\t\t<div class=\"elementor-sitemap-wrap\"><div class=\"elementor-sitemap-section\"><h2 class=\"elementor-sitemap-title elementor-sitemap-chambre-title\">Chambres<\/h2><ul class=\"elementor-sitemap-list elementor-sitemap-chambre-list\"><li class=\"elementor-sitemap-item elementor-sitemap-item-chambre page_item page-item-4269\"><a href=\"https:\/\/www.palaisannecy.com\/fr\/chambre\/chambre-double-sur-cour\/\">Chambre double sur cour sans vue<\/a><\/li><li class=\"elementor-sitemap-item elementor-sitemap-item-chambre page_item page-item-22587\"><a href=\"https:\/\/www.palaisannecy.com\/fr\/chambre\/chambre-charme-double-twin\/\">Chambre charme (double\/twin)<\/a><\/li><li class=\"elementor-sitemap-item elementor-sitemap-item-chambre page_item page-item-7109\"><a href=\"https:\/\/www.palaisannecy.com\/fr\/chambre\/chambre-premium-double-twin\/\">Chambre premium (double\/Twin)<\/a><\/li><li class=\"elementor-sitemap-item elementor-sitemap-item-chambre page_item page-item-22619\"><a href=\"https:\/\/www.palaisannecy.com\/fr\/chambre\/chambre-premium-vue-palais-de-lisle\/\">Chambre premium vue Palais de l\u2019Isle<\/a><\/li><li class=\"elementor-sitemap-item elementor-sitemap-item-chambre page_item page-item-4265\"><a href=\"https:\/\/www.palaisannecy.com\/fr\/chambre\/chambre-triple\/\">Chambre triple charme<\/a><\/li><li class=\"elementor-sitemap-item elementor-sitemap-item-chambre page_item page-item-13718\"><a href=\"https:\/\/www.palaisannecy.com\/fr\/chambre\/suite-empereur\/\">Suite empereur<\/a><\/li><li class=\"elementor-sitemap-item elementor-sitemap-item-chambre page_item page-item-13754\"><a href=\"https:\/\/www.palaisannecy.com\/fr\/chambre\/suite-duc\/\">Suite Duc<\/a><\/li><li class=\"elementor-sitemap-item elementor-sitemap-item-chambre page_item page-item-13796\"><a href=\"https:\/\/www.palaisannecy.com\/fr\/chambre\/suite-famille\/\">Suite famille<\/a><\/li><li class=\"elementor-sitemap-item elementor-sitemap-item-chambre page_item page-item-4275\"><a href=\"https:\/\/www.palaisannecy.com\/fr\/chambre\/chambre-simple\/\">Chambre simple<\/a><\/li><\/ul><\/div><\/div>\t\t\t\t<\/div>\n\t\t\t\t<\/div>\n\t\t\t\t<div class=\"elementor-element elementor-element-db84b34 elementor-widget-mobile__width-initial elementor-widget elementor-widget-sitemap\" data-id=\"db84b34\" data-element_type=\"widget\" data-e-type=\"widget\" data-widget_type=\"sitemap.default\">\n\t\t\t\t<div class=\"elementor-widget-container\">\n\t\t\t\t\t<div class=\"elementor-sitemap-wrap\"><div class=\"elementor-sitemap-section\"><h2 class=\"elementor-sitemap-title elementor-sitemap-services-title\">Services<\/h2><ul class=\"elementor-sitemap-list elementor-sitemap-services-list\"><li class=\"elementor-sitemap-item elementor-sitemap-item-services page_item page-item-13917\"><a href=\"https:\/\/www.palaisannecy.com\/fr\/services\/salon-prive\/\">Salon priv\u00e9<\/a><\/li><li class=\"elementor-sitemap-item elementor-sitemap-item-services page_item page-item-13893\"><a href=\"https:\/\/www.palaisannecy.com\/fr\/services\/seminaires\/\">S\u00e9minaires<\/a><\/li><li class=\"elementor-sitemap-item elementor-sitemap-item-services page_item page-item-1065\"><a href=\"https:\/\/www.palaisannecy.com\/fr\/services\/petit-dejeuner\/\">Petit-D\u00e9jeuner<\/a><\/li><li class=\"elementor-sitemap-item elementor-sitemap-item-services page_item page-item-9740\"><a href=\"https:\/\/www.palaisannecy.com\/fr\/services\/bar-salon\/\">Bar \/ Salon<\/a><\/li><li class=\"elementor-sitemap-item elementor-sitemap-item-services page_item page-item-1037\"><a href=\"https:\/\/www.palaisannecy.com\/fr\/services\/informations-utiles\/\">Informations utiles<\/a><\/li><\/ul><\/div><\/div>\t\t\t\t<\/div>\n\t\t\t\t<\/div>\n\t\t\t\t<div class=\"elementor-element elementor-element-fa15956 elementor-widget-mobile__width-initial elementor-widget elementor-widget-sitemap\" data-id=\"fa15956\" data-element_type=\"widget\" data-e-type=\"widget\" data-widget_type=\"sitemap.default\">\n\t\t\t\t<div class=\"elementor-widget-container\">\n\t\t\t\t\t<div class=\"elementor-sitemap-wrap\"><div class=\"elementor-sitemap-section\"><h2 class=\"elementor-sitemap-title elementor-sitemap-offers-title\">Offres<\/h2><ul class=\"elementor-sitemap-list elementor-sitemap-offers-list\"><li class=\"elementor-sitemap-item elementor-sitemap-item-offers page_item page-item-17995\"><a href=\"https:\/\/www.palaisannecy.com\/fr\/offers\/offre-du-moment\/\">Week-end de P\u00e2ques \u00e0 Annecy<\/a><\/li><li class=\"elementor-sitemap-item elementor-sitemap-item-offers page_item page-item-14012\"><a href=\"https:\/\/www.palaisannecy.com\/fr\/offers\/annecy-decouvertes\/\">Annecy d\u00e9couvertes<\/a><\/li><li class=\"elementor-sitemap-item elementor-sitemap-item-offers page_item page-item-9102\"><a href=\"https:\/\/www.palaisannecy.com\/fr\/offers\/offre-soiree-etape\/\">Offre soir\u00e9e \u00e9tape<\/a><\/li><li class=\"elementor-sitemap-item elementor-sitemap-item-offers page_item page-item-7910\"><a href=\"https:\/\/www.palaisannecy.com\/fr\/offers\/offre-lastminute\/\">Offre Last Minute<\/a><\/li><\/ul><\/div><\/div>\t\t\t\t<\/div>\n\t\t\t\t<\/div>\n\t\t\t\t\t<\/div>\n\t\t<\/div>\n\t\t\t\t\t<\/div>\n\t\t<\/section>\n\t\t\t\t\t<\/div>\n\t\t<\/div>\n\t\t\t\t\t<\/div>\n\t\t<\/section>\n\t\t\t\t<\/div>\n\t\t","protected":false},"excerpt":{"rendered":"","protected":false},"author":8,"featured_media":0,"parent":0,"menu_order":0,"comment_status":"closed","ping_status":"closed","template":"","meta":{"_acf_changed":false,"footnotes":""},"class_list":["post-22217","page","type-page","status-publish","hentry"],"acf":[],"_links":{"self":[{"href":"https:\/\/www.palaisannecy.com\/fr\/wp-json\/wp\/v2\/pages\/22217","targetHints":{"allow":["GET"]}}],"collection":[{"href":"https:\/\/www.palaisannecy.com\/fr\/wp-json\/wp\/v2\/pages"}],"about":[{"href":"https:\/\/www.palaisannecy.com\/fr\/wp-json\/wp\/v2\/types\/page"}],"author":[{"embeddable":true,"href":"https:\/\/www.palaisannecy.com\/fr\/wp-json\/wp\/v2\/users\/8"}],"replies":[{"embeddable":true,"href":"https:\/\/www.palaisannecy.com\/fr\/wp-json\/wp\/v2\/comments?post=22217"}],"version-history":[{"count":32,"href":"https:\/\/www.palaisannecy.com\/fr\/wp-json\/wp\/v2\/pages\/22217\/revisions"}],"predecessor-version":[{"id":24797,"href":"https:\/\/www.palaisannecy.com\/fr\/wp-json\/wp\/v2\/pages\/22217\/revisions\/24797"}],"wp:attachment":[{"href":"https:\/\/www.palaisannecy.com\/fr\/wp-json\/wp\/v2\/media?parent=22217"}],"curies":[{"name":"wp","href":"https:\/\/api.w.org\/{rel}","templated":true}]}}