{"id":20864,"date":"2021-10-29T14:07:11","date_gmt":"2021-10-29T12:07:11","guid":{"rendered":"https:\/\/www2.palaisannecy.com\/tourisme\/"},"modified":"2026-02-18T18:21:40","modified_gmt":"2026-02-18T17:21:40","slug":"turismo","status":"publish","type":"page","link":"https:\/\/www.palaisannecy.com\/it\/turismo\/","title":{"rendered":"Turismo"},"content":{"rendered":"\t\t<div data-elementor-type=\"wp-page\" data-elementor-id=\"20864\" class=\"elementor elementor-20864 elementor-1994\" data-elementor-post-type=\"page\">\n\t\t\t\t\t\t<section data-dce-background-overlay-color=\"#000000\" data-dce-background-image-url=\"https:\/\/www.palaisannecy.com\/wp-content\/uploads\/banners\/isle_annecy_45_premium_2_min-1679x500-1.jpg\" class=\"elementor-section elementor-top-section elementor-element elementor-element-e086e87 elementor-section-height-min-height elementor-section-boxed elementor-section-height-default elementor-section-items-middle\" data-id=\"e086e87\" data-element_type=\"section\" data-e-type=\"section\" data-settings=\"{&quot;background_background&quot;:&quot;classic&quot;}\">\n\t\t\t\t\t\t\t<div class=\" elementor-background-overlay lazyelementorbackgroundimages \"><\/div>\n\t\t\t\t\t\t\t<div class=\"elementor-container elementor-column-gap-default\">\n\t\t\t\t\t<div class=\"elementor-column elementor-col-100 elementor-top-column elementor-element elementor-element-82f6fd2\" data-id=\"82f6fd2\" data-element_type=\"column\" data-e-type=\"column\">\n\t\t\t<div class=\"elementor-widget-wrap elementor-element-populated\">\n\t\t\t\t\t\t<div data-dce-title-color=\"#FFFFFF\" class=\"elementor-element elementor-element-046dd2d elementor-widget__width-initial elementor-widget-tablet__width-inherit elementor-widget elementor-widget-heading\" data-id=\"046dd2d\" data-element_type=\"widget\" data-e-type=\"widget\" data-widget_type=\"heading.default\">\n\t\t\t\t<div class=\"elementor-widget-container\">\n\t\t\t\t\t<span class=\"elementor-heading-title elementor-size-default\">Turismo<\/span>\t\t\t\t<\/div>\n\t\t\t\t<\/div>\n\t\t\t\t\t<\/div>\n\t\t<\/div>\n\t\t\t\t\t<\/div>\n\t\t<\/section>\n\t\t\t\t<section class=\"elementor-section elementor-top-section elementor-element elementor-element-7158290 elementor-section-full_width elementor-section-height-default elementor-section-height-default\" data-id=\"7158290\" data-element_type=\"section\" data-e-type=\"section\">\n\t\t\t\t\t\t<div class=\"elementor-container elementor-column-gap-default\">\n\t\t\t\t\t<div class=\"elementor-column elementor-col-100 elementor-top-column elementor-element elementor-element-b19e442\" data-id=\"b19e442\" data-element_type=\"column\" data-e-type=\"column\">\n\t\t\t<div class=\"elementor-widget-wrap elementor-element-populated\">\n\t\t\t\t\t\t<div class=\"elementor-element elementor-element-d961d59 elementor-widget__width-initial elementor-widget-tablet__width-inherit elementor-widget elementor-widget-heading\" data-id=\"d961d59\" data-element_type=\"widget\" data-e-type=\"widget\" data-widget_type=\"heading.default\">\n\t\t\t\t<div class=\"elementor-widget-container\">\n\t\t\t\t\t<h1 class=\"elementor-heading-title elementor-size-default\">Scoprite Annecy a piedi dal centro storico<\/h1>\t\t\t\t<\/div>\n\t\t\t\t<\/div>\n\t\t\t\t<div class=\"elementor-element elementor-element-e1bf1e7 elementor-widget-divider--view-line elementor-widget elementor-widget-divider\" data-id=\"e1bf1e7\" data-element_type=\"widget\" data-e-type=\"widget\" data-widget_type=\"divider.default\">\n\t\t\t\t<div class=\"elementor-widget-container\">\n\t\t\t\t\t\t\t<div class=\"elementor-divider\">\n\t\t\t<span class=\"elementor-divider-separator\">\n\t\t\t\t\t\t<\/span>\n\t\t<\/div>\n\t\t\t\t\t\t<\/div>\n\t\t\t\t<\/div>\n\t\t\t\t<div class=\"elementor-element elementor-element-422f439 elementor-widget elementor-widget-text-editor\" data-id=\"422f439\" data-element_type=\"widget\" data-e-type=\"widget\" data-widget_type=\"text-editor.default\">\n\t\t\t\t<div class=\"elementor-widget-container\">\n\t\t\t\t\t\t\t\t\t<p>Grazie alla sua posizione centrale, l&#8217;H\u00f4tel Palais de l&#8217;Isle permette di scoprire Annecy in tutta la sua variet\u00e0. Che veniate per un breve soggiorno, un weekend o una vacanza, alloggiare nel cuore della citt\u00e0 facilita l&#8217;accesso ai principali siti turistici e alle attivit\u00e0 locali.<\/p>\t\t\t\t\t\t\t\t<\/div>\n\t\t\t\t<\/div>\n\t\t\t\t<section class=\"elementor-section elementor-inner-section elementor-element elementor-element-2c81436 elementor-section-full_width elementor-section-height-default elementor-section-height-default\" data-id=\"2c81436\" data-element_type=\"section\" data-e-type=\"section\">\n\t\t\t\t\t\t<div class=\"elementor-container elementor-column-gap-default\">\n\t\t\t\t\t<div class=\"elementor-column elementor-col-50 elementor-inner-column elementor-element elementor-element-68b47ef\" data-id=\"68b47ef\" data-element_type=\"column\" data-e-type=\"column\">\n\t\t\t<div class=\"elementor-widget-wrap elementor-element-populated\">\n\t\t\t\t\t\t<div class=\"elementor-element elementor-element-99e2f6e elementor-widget__width-initial elementor-widget-tablet__width-inherit elementor-widget elementor-widget-heading\" data-id=\"99e2f6e\" data-element_type=\"widget\" data-e-type=\"widget\" data-widget_type=\"heading.default\">\n\t\t\t\t<div class=\"elementor-widget-container\">\n\t\t\t\t\t<h2 class=\"elementor-heading-title elementor-size-default\">Cosa fare nel centro di Annecy ?<\/h2>\t\t\t\t<\/div>\n\t\t\t\t<\/div>\n\t\t\t\t<div class=\"elementor-element elementor-element-0400769 elementor-widget-divider--view-line elementor-widget elementor-widget-divider\" data-id=\"0400769\" data-element_type=\"widget\" data-e-type=\"widget\" data-widget_type=\"divider.default\">\n\t\t\t\t<div class=\"elementor-widget-container\">\n\t\t\t\t\t\t\t<div class=\"elementor-divider\">\n\t\t\t<span class=\"elementor-divider-separator\">\n\t\t\t\t\t\t<\/span>\n\t\t<\/div>\n\t\t\t\t\t\t<\/div>\n\t\t\t\t<\/div>\n\t\t\t\t<div class=\"elementor-element elementor-element-40396c4 elementor-widget elementor-widget-text-editor\" data-id=\"40396c4\" data-element_type=\"widget\" data-e-type=\"widget\" data-widget_type=\"text-editor.default\">\n\t\t\t\t<div class=\"elementor-widget-container\">\n\t\t\t\t\t\t\t\t\t<p data-start=\"2306\" data-end=\"2630\">Soggiornare all&#8217;H\u00f4tel Palais de l&#8217;Isle significa scoprire <strong>Annecy a piedi<\/strong>, godendo appieno del suo centro storico e dei principali siti turistici. Situato nel cuore della citt\u00e0 vecchia, l&#8217;hotel \u00e8 il punto di partenza ideale per esplorare la citt\u00e0, il lago e i dintorni &#8211; senza bisogno di un mezzo di trasporto.<\/p><p data-start=\"2306\" data-end=\"2630\">Annecy affascina per il suo patrimonio, i suoi canali, il lago e il suo straordinario contesto naturale, offrendo una grande variet\u00e0 di attivit\u00e0 durante tutto l&#8217;anno.<\/p>\t\t\t\t\t\t\t\t<\/div>\n\t\t\t\t<\/div>\n\t\t\t\t\t<\/div>\n\t\t<\/div>\n\t\t\t\t<div class=\"elementor-column elementor-col-50 elementor-inner-column elementor-element elementor-element-14e5214\" data-id=\"14e5214\" data-element_type=\"column\" data-e-type=\"column\">\n\t\t\t<div class=\"elementor-widget-wrap elementor-element-populated\">\n\t\t\t\t\t\t<div class=\"elementor-element elementor-element-98e5bc8 elementor-widget elementor-widget-image\" data-id=\"98e5bc8\" data-element_type=\"widget\" data-e-type=\"widget\" data-widget_type=\"image.default\">\n\t\t\t\t<div class=\"elementor-widget-container\">\n\t\t\t\t\t\t\t\t\t\t\t\t\t\t\t<img fetchpriority=\"high\" decoding=\"async\" width=\"800\" height=\"534\" src=\"https:\/\/www.palaisannecy.com\/wp-content\/uploads\/tourisme\/palais-de-lisle-annecy-balade-et-visite-1024x683.jpg\" class=\"attachment-large size-large wp-image-18038\" alt=\"Vista del canale del Thiou ad Annecy con il Palais de lIsle, passanti e montagne sullo sfondo\" srcset=\"https:\/\/www.palaisannecy.com\/wp-content\/uploads\/tourisme\/palais-de-lisle-annecy-balade-et-visite-1024x683.jpg 1024w, https:\/\/www.palaisannecy.com\/wp-content\/uploads\/tourisme\/palais-de-lisle-annecy-balade-et-visite-300x200.jpg 300w, https:\/\/www.palaisannecy.com\/wp-content\/uploads\/tourisme\/palais-de-lisle-annecy-balade-et-visite-768x512.jpg 768w, https:\/\/www.palaisannecy.com\/wp-content\/uploads\/tourisme\/palais-de-lisle-annecy-balade-et-visite.jpg 1200w\" sizes=\"(max-width: 800px) 100vw, 800px\" \/>\t\t\t\t\t\t\t\t\t\t\t\t\t\t\t<\/div>\n\t\t\t\t<\/div>\n\t\t\t\t\t<\/div>\n\t\t<\/div>\n\t\t\t\t\t<\/div>\n\t\t<\/section>\n\t\t\t\t<section class=\"elementor-section elementor-inner-section elementor-element elementor-element-3e30266 elementor-section-full_width elementor-reverse-mobile elementor-section-height-default elementor-section-height-default\" data-id=\"3e30266\" data-element_type=\"section\" data-e-type=\"section\">\n\t\t\t\t\t\t<div class=\"elementor-container elementor-column-gap-default\">\n\t\t\t\t\t<div class=\"elementor-column elementor-col-50 elementor-inner-column elementor-element elementor-element-835cdd3\" data-id=\"835cdd3\" data-element_type=\"column\" data-e-type=\"column\">\n\t\t\t<div class=\"elementor-widget-wrap elementor-element-populated\">\n\t\t\t\t\t\t<div class=\"elementor-element elementor-element-7fdd1d8 elementor-widget elementor-widget-image\" data-id=\"7fdd1d8\" data-element_type=\"widget\" data-e-type=\"widget\" data-widget_type=\"image.default\">\n\t\t\t\t<div class=\"elementor-widget-container\">\n\t\t\t\t\t\t\t\t\t\t\t\t\t\t\t<img decoding=\"async\" width=\"800\" height=\"533\" src=\"https:\/\/www.palaisannecy.com\/wp-content\/uploads\/tourisme\/palais-de-lisle-annecy-activites-1024x682.jpg\" class=\"attachment-large size-large wp-image-18041\" alt=\"Vista del Palais de lIsle ad Annecy, monumento storico nel cuore dei canali del centro storico\" srcset=\"https:\/\/www.palaisannecy.com\/wp-content\/uploads\/tourisme\/palais-de-lisle-annecy-activites-1024x682.jpg 1024w, https:\/\/www.palaisannecy.com\/wp-content\/uploads\/tourisme\/palais-de-lisle-annecy-activites-300x200.jpg 300w, https:\/\/www.palaisannecy.com\/wp-content\/uploads\/tourisme\/palais-de-lisle-annecy-activites-768x512.jpg 768w, https:\/\/www.palaisannecy.com\/wp-content\/uploads\/tourisme\/palais-de-lisle-annecy-activites-1536x1024.jpg 1536w, https:\/\/www.palaisannecy.com\/wp-content\/uploads\/tourisme\/palais-de-lisle-annecy-activites.jpg 2000w\" sizes=\"(max-width: 800px) 100vw, 800px\" \/>\t\t\t\t\t\t\t\t\t\t\t\t\t\t\t<\/div>\n\t\t\t\t<\/div>\n\t\t\t\t\t<\/div>\n\t\t<\/div>\n\t\t\t\t<div class=\"elementor-column elementor-col-50 elementor-inner-column elementor-element elementor-element-7d8a08f\" data-id=\"7d8a08f\" data-element_type=\"column\" data-e-type=\"column\">\n\t\t\t<div class=\"elementor-widget-wrap elementor-element-populated\">\n\t\t\t\t\t\t<div class=\"elementor-element elementor-element-02b89df elementor-widget__width-initial elementor-widget-tablet__width-inherit elementor-widget elementor-widget-heading\" data-id=\"02b89df\" data-element_type=\"widget\" data-e-type=\"widget\" data-widget_type=\"heading.default\">\n\t\t\t\t<div class=\"elementor-widget-container\">\n\t\t\t\t\t<h2 class=\"elementor-heading-title elementor-size-default\">Scoprire la citt\u00e0 vecchia di Annecy<\/h2>\t\t\t\t<\/div>\n\t\t\t\t<\/div>\n\t\t\t\t<div class=\"elementor-element elementor-element-304024d elementor-widget-divider--view-line elementor-widget elementor-widget-divider\" data-id=\"304024d\" data-element_type=\"widget\" data-e-type=\"widget\" data-widget_type=\"divider.default\">\n\t\t\t\t<div class=\"elementor-widget-container\">\n\t\t\t\t\t\t\t<div class=\"elementor-divider\">\n\t\t\t<span class=\"elementor-divider-separator\">\n\t\t\t\t\t\t<\/span>\n\t\t<\/div>\n\t\t\t\t\t\t<\/div>\n\t\t\t\t<\/div>\n\t\t\t\t<div class=\"elementor-element elementor-element-92090af elementor-widget elementor-widget-text-editor\" data-id=\"92090af\" data-element_type=\"widget\" data-e-type=\"widget\" data-widget_type=\"text-editor.default\">\n\t\t\t\t<div class=\"elementor-widget-container\">\n\t\t\t\t\t\t\t\t\t<p data-start=\"2839\" data-end=\"3141\">La citt\u00e0 vecchia di Annecy \u00e8 uno dei quartieri pi\u00f9 emblematici della citt\u00e0. I suoi vicoli acciottolati, i portici, i canali e le facciate colorate invitano a passeggiare senza meta. Il <strong>Palais de l&#8217;Isle<\/strong>, monumento storico imperdibile, si trova di fronte all&#8217;hotel ed \u00e8 uno dei punti di riferimento pi\u00f9 riconoscibili della citt\u00e0.<\/p><p data-start=\"2839\" data-end=\"3141\">Mercati, negozi, caff\u00e8 e ristoranti animano ogni giorno il centro storico, permettendo di vivere Annecy in un&#8217;atmosfera autentica e vivace.<\/p>\t\t\t\t\t\t\t\t<\/div>\n\t\t\t\t<\/div>\n\t\t\t\t\t<\/div>\n\t\t<\/div>\n\t\t\t\t\t<\/div>\n\t\t<\/section>\n\t\t\t\t<section class=\"elementor-section elementor-inner-section elementor-element elementor-element-d75c810 elementor-section-full_width elementor-section-height-default elementor-section-height-default\" data-id=\"d75c810\" data-element_type=\"section\" data-e-type=\"section\">\n\t\t\t\t\t\t<div class=\"elementor-container elementor-column-gap-default\">\n\t\t\t\t\t<div class=\"elementor-column elementor-col-50 elementor-inner-column elementor-element elementor-element-281823b\" data-id=\"281823b\" data-element_type=\"column\" data-e-type=\"column\">\n\t\t\t<div class=\"elementor-widget-wrap elementor-element-populated\">\n\t\t\t\t\t\t<div class=\"elementor-element elementor-element-b6aa305 elementor-widget__width-initial elementor-widget-tablet__width-inherit elementor-widget elementor-widget-heading\" data-id=\"b6aa305\" data-element_type=\"widget\" data-e-type=\"widget\" data-widget_type=\"heading.default\">\n\t\t\t\t<div class=\"elementor-widget-container\">\n\t\t\t\t\t<h2 class=\"elementor-heading-title elementor-size-default\">Godersi il lago di Annecy<\/h2>\t\t\t\t<\/div>\n\t\t\t\t<\/div>\n\t\t\t\t<div class=\"elementor-element elementor-element-2c63a6b elementor-widget-divider--view-line elementor-widget elementor-widget-divider\" data-id=\"2c63a6b\" data-element_type=\"widget\" data-e-type=\"widget\" data-widget_type=\"divider.default\">\n\t\t\t\t<div class=\"elementor-widget-container\">\n\t\t\t\t\t\t\t<div class=\"elementor-divider\">\n\t\t\t<span class=\"elementor-divider-separator\">\n\t\t\t\t\t\t<\/span>\n\t\t<\/div>\n\t\t\t\t\t\t<\/div>\n\t\t\t\t<\/div>\n\t\t\t\t<div class=\"elementor-element elementor-element-e474f4d elementor-widget elementor-widget-text-editor\" data-id=\"e474f4d\" data-element_type=\"widget\" data-e-type=\"widget\" data-widget_type=\"text-editor.default\">\n\t\t\t\t<div class=\"elementor-widget-container\">\n\t\t\t\t\t\t\t\t\t<p data-start=\"3355\" data-end=\"3615\">A pochi minuti a piedi dal centro citt\u00e0, il lago di Annecy \u00e8 rinomato per la qualit\u00e0 delle sue acque e il suo splendido ambiente naturale. I lungolago attrezzati sono ideali per una piacevole passeggiata, mentre le spiagge offrono il posto perfetto per rilassarsi nelle belle giornate.<\/p><p data-start=\"3355\" data-end=\"3615\">A seconda della stagione, intorno al lago \u00e8 possibile praticare numerose attivit\u00e0, dalla passeggiata al ciclismo, fino al semplice piacere di contemplare i paesaggi alpini.<\/p>\t\t\t\t\t\t\t\t<\/div>\n\t\t\t\t<\/div>\n\t\t\t\t\t<\/div>\n\t\t<\/div>\n\t\t\t\t<div class=\"elementor-column elementor-col-50 elementor-inner-column elementor-element elementor-element-6ac0891\" data-id=\"6ac0891\" data-element_type=\"column\" data-e-type=\"column\">\n\t\t\t<div class=\"elementor-widget-wrap elementor-element-populated\">\n\t\t\t\t\t\t<div class=\"elementor-element elementor-element-6c4879c elementor-widget elementor-widget-image\" data-id=\"6c4879c\" data-element_type=\"widget\" data-e-type=\"widget\" data-widget_type=\"image.default\">\n\t\t\t\t<div class=\"elementor-widget-container\">\n\t\t\t\t\t\t\t\t\t\t\t\t\t\t\t<img decoding=\"async\" width=\"800\" height=\"536\" src=\"https:\/\/www.palaisannecy.com\/wp-content\/uploads\/tourisme\/palais-de-lisle-annecy-evenements-incontournables.webp\" class=\"attachment-large size-large wp-image-18044\" alt=\"Vista del Palais de lIsle ad Annecy, monumento storico circondato dai canali nel centro storico\" \/>\t\t\t\t\t\t\t\t\t\t\t\t\t\t\t<\/div>\n\t\t\t\t<\/div>\n\t\t\t\t\t<\/div>\n\t\t<\/div>\n\t\t\t\t\t<\/div>\n\t\t<\/section>\n\t\t\t\t<section class=\"elementor-section elementor-inner-section elementor-element elementor-element-d32791d elementor-section-full_width elementor-reverse-mobile elementor-section-height-default elementor-section-height-default\" data-id=\"d32791d\" data-element_type=\"section\" data-e-type=\"section\">\n\t\t\t\t\t\t<div class=\"elementor-container elementor-column-gap-default\">\n\t\t\t\t\t<div class=\"elementor-column elementor-col-50 elementor-inner-column elementor-element elementor-element-42c9939\" data-id=\"42c9939\" data-element_type=\"column\" data-e-type=\"column\">\n\t\t\t<div class=\"elementor-widget-wrap elementor-element-populated\">\n\t\t\t\t\t\t<div class=\"elementor-element elementor-element-d675e23 elementor-widget elementor-widget-image\" data-id=\"d675e23\" data-element_type=\"widget\" data-e-type=\"widget\" data-widget_type=\"image.default\">\n\t\t\t\t<div class=\"elementor-widget-container\">\n\t\t\t\t\t\t\t\t\t\t\t\t\t\t\t<img loading=\"lazy\" decoding=\"async\" width=\"2000\" height=\"1333\" src=\"https:\/\/www.palaisannecy.com\/wp-content\/uploads\/vendome-nice-blog4.jpg\" class=\"attachment-full size-full wp-image-22872\" alt=\"\" srcset=\"https:\/\/www.palaisannecy.com\/wp-content\/uploads\/vendome-nice-blog4.jpg 2000w, https:\/\/www.palaisannecy.com\/wp-content\/uploads\/vendome-nice-blog4-300x200.jpg 300w, https:\/\/www.palaisannecy.com\/wp-content\/uploads\/vendome-nice-blog4-1024x682.jpg 1024w, https:\/\/www.palaisannecy.com\/wp-content\/uploads\/vendome-nice-blog4-768x512.jpg 768w, https:\/\/www.palaisannecy.com\/wp-content\/uploads\/vendome-nice-blog4-1536x1024.jpg 1536w\" sizes=\"(max-width: 2000px) 100vw, 2000px\" \/>\t\t\t\t\t\t\t\t\t\t\t\t\t\t\t<\/div>\n\t\t\t\t<\/div>\n\t\t\t\t\t<\/div>\n\t\t<\/div>\n\t\t\t\t<div class=\"elementor-column elementor-col-50 elementor-inner-column elementor-element elementor-element-f6bfd23\" data-id=\"f6bfd23\" data-element_type=\"column\" data-e-type=\"column\">\n\t\t\t<div class=\"elementor-widget-wrap elementor-element-populated\">\n\t\t\t\t\t\t<div class=\"elementor-element elementor-element-4079f83 elementor-widget__width-initial elementor-widget-tablet__width-inherit elementor-widget elementor-widget-heading\" data-id=\"4079f83\" data-element_type=\"widget\" data-e-type=\"widget\" data-widget_type=\"heading.default\">\n\t\t\t\t<div class=\"elementor-widget-container\">\n\t\t\t\t\t<h2 class=\"elementor-heading-title elementor-size-default\">Passeggiate e tappe imperdibili a piedi<\/h2>\t\t\t\t<\/div>\n\t\t\t\t<\/div>\n\t\t\t\t<div class=\"elementor-element elementor-element-f77b14a elementor-widget-divider--view-line elementor-widget elementor-widget-divider\" data-id=\"f77b14a\" data-element_type=\"widget\" data-e-type=\"widget\" data-widget_type=\"divider.default\">\n\t\t\t\t<div class=\"elementor-widget-container\">\n\t\t\t\t\t\t\t<div class=\"elementor-divider\">\n\t\t\t<span class=\"elementor-divider-separator\">\n\t\t\t\t\t\t<\/span>\n\t\t<\/div>\n\t\t\t\t\t\t<\/div>\n\t\t\t\t<\/div>\n\t\t\t\t<div class=\"elementor-element elementor-element-201fdb5 elementor-widget elementor-widget-text-editor\" data-id=\"201fdb5\" data-element_type=\"widget\" data-e-type=\"widget\" data-widget_type=\"text-editor.default\">\n\t\t\t\t<div class=\"elementor-widget-container\">\n\t\t\t\t\t\t\t\t\t<p>Dal centro storico, numerose passeggiate sono facilmente raggiungibili a piedi &#8211; giardini, ponti, lungolago e punti panoramici offrono prospettive diverse sulla citt\u00e0. La vicinanza tra il centro, il lago e i principali siti culturali rende Annecy una citt\u00e0 particolarmente piacevole da esplorare senza automobile.<\/p>\t\t\t\t\t\t\t\t<\/div>\n\t\t\t\t<\/div>\n\t\t\t\t<div class=\"elementor-element elementor-element-deb9309 elementor-widget__width-initial elementor-widget-tablet__width-inherit elementor-widget elementor-widget-heading\" data-id=\"deb9309\" data-element_type=\"widget\" data-e-type=\"widget\" data-widget_type=\"heading.default\">\n\t\t\t\t<div class=\"elementor-widget-container\">\n\t\t\t\t\t<h2 class=\"elementor-heading-title elementor-size-default\">Attivit\u00e0 e scoperte nei dintorni di Annecy<\/h2>\t\t\t\t<\/div>\n\t\t\t\t<\/div>\n\t\t\t\t<div class=\"elementor-element elementor-element-2c03a4a elementor-widget-divider--view-line elementor-widget elementor-widget-divider\" data-id=\"2c03a4a\" data-element_type=\"widget\" data-e-type=\"widget\" data-widget_type=\"divider.default\">\n\t\t\t\t<div class=\"elementor-widget-container\">\n\t\t\t\t\t\t\t<div class=\"elementor-divider\">\n\t\t\t<span class=\"elementor-divider-separator\">\n\t\t\t\t\t\t<\/span>\n\t\t<\/div>\n\t\t\t\t\t\t<\/div>\n\t\t\t\t<\/div>\n\t\t\t\t<div class=\"elementor-element elementor-element-ff58a46 elementor-widget elementor-widget-text-editor\" data-id=\"ff58a46\" data-element_type=\"widget\" data-e-type=\"widget\" data-widget_type=\"text-editor.default\">\n\t\t\t\t<div class=\"elementor-widget-container\">\n\t\t\t\t\t\t\t\t\t<p>Annecy \u00e8 anche un&#8217;eccellente base di partenza per scoprire i dintorni &#8211; montagne, villaggi pittoreschi, sentieri escursionistici e siti naturali si trovano tutti a breve distanza. Queste escursioni completano perfettamente un soggiorno urbano e culturale.<\/p>\t\t\t\t\t\t\t\t<\/div>\n\t\t\t\t<\/div>\n\t\t\t\t\t<\/div>\n\t\t<\/div>\n\t\t\t\t\t<\/div>\n\t\t<\/section>\n\t\t\t\t\t<\/div>\n\t\t<\/div>\n\t\t\t\t\t<\/div>\n\t\t<\/section>\n\t\t\t\t<\/div>\n\t\t","protected":false},"excerpt":{"rendered":"<p>Scoprite Annecy a piedi dal centro storico Grazie alla sua posizione centrale, l&#8217;H\u00f4tel Palais de l&#8217;Isle permette di scoprire Annecy in tutta la sua variet\u00e0. Che veniate per un breve soggiorno, un weekend o una vacanza, alloggiare nel cuore della citt\u00e0 facilita l&#8217;accesso ai principali siti turistici e alle attivit\u00e0 locali. Cosa fare nel centro [&hellip;]<\/p>\n","protected":false},"author":3,"featured_media":0,"parent":0,"menu_order":0,"comment_status":"closed","ping_status":"closed","template":"","meta":{"_acf_changed":false,"footnotes":""},"class_list":["post-20864","page","type-page","status-publish","hentry"],"acf":[],"_links":{"self":[{"href":"https:\/\/www.palaisannecy.com\/it\/wp-json\/wp\/v2\/pages\/20864","targetHints":{"allow":["GET"]}}],"collection":[{"href":"https:\/\/www.palaisannecy.com\/it\/wp-json\/wp\/v2\/pages"}],"about":[{"href":"https:\/\/www.palaisannecy.com\/it\/wp-json\/wp\/v2\/types\/page"}],"author":[{"embeddable":true,"href":"https:\/\/www.palaisannecy.com\/it\/wp-json\/wp\/v2\/users\/3"}],"replies":[{"embeddable":true,"href":"https:\/\/www.palaisannecy.com\/it\/wp-json\/wp\/v2\/comments?post=20864"}],"version-history":[{"count":46,"href":"https:\/\/www.palaisannecy.com\/it\/wp-json\/wp\/v2\/pages\/20864\/revisions"}],"predecessor-version":[{"id":25034,"href":"https:\/\/www.palaisannecy.com\/it\/wp-json\/wp\/v2\/pages\/20864\/revisions\/25034"}],"wp:attachment":[{"href":"https:\/\/www.palaisannecy.com\/it\/wp-json\/wp\/v2\/media?parent=20864"}],"curies":[{"name":"wp","href":"https:\/\/api.w.org\/{rel}","templated":true}]}}