{"id":21150,"date":"2021-10-23T11:54:00","date_gmt":"2021-10-23T09:54:00","guid":{"rendered":"https:\/\/www2.palaisannecy.com\/mentions-legales\/"},"modified":"2025-11-04T10:49:26","modified_gmt":"2025-11-04T09:49:26","slug":"note-legali","status":"publish","type":"page","link":"https:\/\/www.palaisannecy.com\/it\/note-legali\/","title":{"rendered":"Note legali"},"content":{"rendered":"\t\t<div data-elementor-type=\"wp-page\" data-elementor-id=\"21150\" class=\"elementor elementor-21150 elementor-3\" data-elementor-post-type=\"page\">\n\t\t\t\t\t\t<section data-dce-background-overlay-color=\"#090909\" data-dce-background-image-url=\"https:\/\/www.palaisannecy.com\/wp-content\/uploads\/galerie\/isle_annecy_premium_double_pdj_salon15.jpg\" class=\"elementor-section elementor-top-section elementor-element elementor-element-d91be50 elementor-section-full_width elementor-section-height-min-height elementor-section-height-default elementor-section-items-middle\" data-id=\"d91be50\" data-element_type=\"section\" data-e-type=\"section\" data-settings=\"{&quot;background_background&quot;:&quot;classic&quot;}\">\n\t\t\t\t\t\t\t<div class=\" elementor-background-overlay lazyelementorbackgroundimages \"><\/div>\n\t\t\t\t\t\t\t<div class=\"elementor-container elementor-column-gap-default\">\n\t\t\t\t\t<div class=\"elementor-column elementor-col-100 elementor-top-column elementor-element elementor-element-c8000e7\" data-id=\"c8000e7\" data-element_type=\"column\" data-e-type=\"column\">\n\t\t\t<div class=\"elementor-widget-wrap elementor-element-populated\">\n\t\t\t\t\t\t<div data-dce-title-color=\"#FFFFFF\" class=\"elementor-element elementor-element-3de8918 elementor-widget elementor-widget-heading\" data-id=\"3de8918\" data-element_type=\"widget\" data-e-type=\"widget\" data-widget_type=\"heading.default\">\n\t\t\t\t<div class=\"elementor-widget-container\">\n\t\t\t\t\t<h1 class=\"elementor-heading-title elementor-size-default\">Note legali<\/h1>\t\t\t\t<\/div>\n\t\t\t\t<\/div>\n\t\t\t\t\t<\/div>\n\t\t<\/div>\n\t\t\t\t\t<\/div>\n\t\t<\/section>\n\t\t\t\t<section data-dce-background-color=\"#F3F3F6\" class=\"elementor-section elementor-top-section elementor-element elementor-element-31a97493 elementor-section-boxed elementor-section-height-default elementor-section-height-default\" data-id=\"31a97493\" data-element_type=\"section\" data-e-type=\"section\" data-settings=\"{&quot;background_background&quot;:&quot;classic&quot;}\">\n\t\t\t\t\t\t<div class=\"elementor-container elementor-column-gap-default\">\n\t\t\t\t\t<div class=\"elementor-column elementor-col-100 elementor-top-column elementor-element elementor-element-73a6e69a\" data-id=\"73a6e69a\" data-element_type=\"column\" data-e-type=\"column\">\n\t\t\t<div class=\"elementor-widget-wrap elementor-element-populated\">\n\t\t\t\t\t\t<div class=\"elementor-element elementor-element-8ecb7f7 elementor-widget elementor-widget-text-editor\" data-id=\"8ecb7f7\" data-element_type=\"widget\" data-e-type=\"widget\" id=\"title-contenu\" data-widget_type=\"text-editor.default\">\n\t\t\t\t<div class=\"elementor-widget-container\">\n\t\t\t\t\t\t\t\t\t<h2 style=\"font-size: 140%; color: #466777;\">Identificazione dell&#8217;editore del sito<\/h2><p><strong>Azienda : Le Palais SASU (H\u00f4tel le Palais de l&#8217;Isle Annecy)<br \/><\/strong><strong>Sede principale : <\/strong>13 rue Perri\u00e8re, 74000 Annecy, FRANCE<br \/><strong>Telefono :<\/strong>+33 4 50 45 86 87<br \/><strong>Indirizzo e-mail : <span style=\"color: #466777;\"><a style=\"color: #466777;\" href=\"mailto: contact@palaisannecy.com\"> contact@palaisannecy.com<\/a><\/span><\/strong><br \/><strong>SIRET :\u00a0<\/strong>829 614 890 00020<br \/><strong>Capitale sociale : <\/strong>\u00a050 803,04\u00a0\u20ac<br \/><strong>Numero di partita IVA intracomunitaria : <\/strong>FR58829614890<br \/><strong>Direttore editoriale : <\/strong> Sanddy MAGUER-WINET<br \/><strong>Persona legalmente responsabile :<\/strong> Sanddy MAGUER-WINET<\/p><h2 style=\"font-size: 140%; color: #466777;\">Hosting e sviluppo di siti web<\/h2><p><strong>Azienda : <\/strong>Mixit7 &#8211; Agence Web<br \/><strong><strong>Sede principale : <\/strong><\/strong>34 avenue des Champs Elys\u00e9es, 75008 Paris, France<br \/><strong>SIREN : <\/strong>842\u00a0652\u00a0547<br \/><strong><strong>Telefono : <\/strong><\/strong>+33 1 85 80 11 11<br \/><strong><strong>Indirizzo e-mail : <\/strong><\/strong><span style=\"color: #466777;\"><a style=\"color: #466777;\" href=\"mailto:hello@mixit7.com\">hello@mixit7.com<\/a><\/span><br \/><strong>Sito web : <\/strong><span style=\"color: #466777;\"><a style=\"color: #466777;\" href=\"https:\/\/www.mixit7.com\/\">www.mixit7.com<\/a><\/span><\/p><h2>Contenuto editoriale<\/h2><p>Il Sito offre contenuti editoriali (hotel, camere, ecc.) a scopo puramente informativo. Questi contenuti devono essere considerati come spunti di riflessione. L&#8217;editore invita gli utenti a utilizzare queste informazioni con spirito critico e discernimento.<\/p><h2 style=\"font-size: 140%; color: #466777;\">Collegamenti ipertestuali a siti di terzi<\/h2><p>Il Sito fornisce collegamenti ipertestuali a siti web pubblicati da terzi. L&#8217;inserimento di tali link non implica l&#8217;approvazione da parte dell&#8217;Editore del contenuto di tali siti. L&#8217;Editore non pu\u00f2 monitorare costantemente il contenuto di tali siti e pertanto non pu\u00f2 garantire: l&#8217;accuratezza, l&#8217;affidabilit\u00e0, la pertinenza, l&#8217;aggiornamento o l&#8217;esaustivit\u00e0 del loro contenuto; il loro accesso e il loro corretto funzionamento tecnico. Di conseguenza, l&#8217;Editore non pu\u00f2 essere ritenuto responsabile in caso di controversie tra un sito a cui si fa riferimento nel Sito e un Utente. Solo gli editori dei siti citati nel Sito possono essere ritenuti responsabili.<\/p><h2 style=\"font-size: 140%; color: #466777;\">Propriet\u00e0 intellettuale<\/h2><p>Il sito web dell&#8217;hotel e ciascuno dei suoi componenti sono di propriet\u00e0 esclusiva dell&#8217;hotel. \u00c8 vietata qualsiasi riproduzione o rappresentazione, totale o parziale, di questo sito web o di ogni suo componente senza la previa autorizzazione dell&#8217;Hotel. Allo stesso modo, i marchi e i nomi di dominio che compaiono sul sito web dell&#8217;hotel sono di propriet\u00e0 esclusiva dell&#8217;hotel. \u00c8 vietata la riproduzione o l&#8217;utilizzo di tali marchi o nomi di dominio in qualsiasi modo e per qualsiasi scopo senza previa autorizzazione. Un collegamento ipertestuale al sito web dell&#8217;Hotel pu\u00f2 essere creato solo previa autorizzazione scritta dell&#8217;Hotel. Inoltre, l&#8217;Hotel declina ogni responsabilit\u00e0 per il contenuto dei siti che possono essere collegati al sito dell&#8217;Hotel tramite un link ipertestuale.<\/p><h2 style=\"font-size: 140%; color: #466777;\">Trading sicuro<\/h2><p>L&#8217;Editore si impegna ad adottare tutte le misure legali e tecniche per garantire la sicurezza degli scambi. A questo proposito, l&#8217;Editore si impegna a fare del suo meglio per evitare qualsiasi appropriazione indebita di dati e a rispettare le normative vigenti. Tuttavia, gli utenti del Sito sono consapevoli delle caratteristiche tecniche di Internet e dei rischi associati. Di conseguenza, l&#8217;Editore non pu\u00f2 garantire ai propri Utenti che i dati scambiati tramite i servizi offerti dal Sito non vengano raccolti in modo fraudolento da terzi.<\/p><h2 style=\"font-size: 140%; color: #466777;\">Disponibilit\u00e0 dei servizi<\/h2><p>L&#8217;Editore ha l&#8217;obbligo di compiere i migliori sforzi in termini di accessibilit\u00e0 del servizio e ha predisposto le strutture necessarie per rendere il Sito accessibile 7 giorni su 7 e 24 ore al giorno. Tuttavia, l&#8217;Editore pu\u00f2 sospendere l&#8217;accesso senza preavviso, in particolare per motivi di manutenzione e aggiornamento. L&#8217;Editore non si assume alcuna responsabilit\u00e0 per eventuali danni risultanti all&#8217;Utente o a terzi. L&#8217;Editore pu\u00f2 in qualsiasi momento eliminare tutti o parte dei suoi Servizi o modificarne il contenuto, in particolare per motivi tecnici, senza preavviso. L&#8217;Editore si riserva il diritto di rifiutare, unilateralmente e senza preavviso, a qualsiasi Utente l&#8217;accesso a tutto o parte del Sito. Tale decisione pu\u00f2 essere presa in particolare nel caso in cui l&#8217;Utente non rispetti i termini del presente testo.<\/p><h2 style=\"font-size: 140%; color: #466777;\">Raccolta dei dati :<\/h2><p>Pour l\u2019ex\u00e9cution des prestations command\u00e9es, l&#8217;H\u00f4tel est susceptible de collecter vos donn\u00e9es personnelles. Vous disposez d\u2019un droit d\u2019acc\u00e8s, de modification, de suppression et d\u2019opposition au traitement de vos donn\u00e9es personnelles et \u00e0 leur utilisation \u00e0 des fins de prospection. Toute question dans ce domaine, ainsi que les droits d&#8217;opposition, d&#8217;acc\u00e8s, de rectification et de suppression portant sur ces informations, s&#8217;exerce aupr\u00e8s de l\u2019H\u00f4tel.<\/p><h2 style=\"font-size: 140%; color: #466777;\">Informativa sulla privacy :<\/h2><p>Gli utenti sono invitati a consultare la pagina <span style=\"color: #3b5764;\">\u00a0<a style=\"color: #3b5764;\" href=\"https:\/\/www.palaisannecy.com\/it\/politique-confidentialite\">&#8220;Informativa suella privacy&#8221;<\/a><\/span>.<\/p><p>Eventuali domande in questo ambito, nonch\u00e9 i diritti di opposizione, accesso, rettifica e cancellazione relativi a tali informazioni, possono essere esercitati al seguente indirizzo:<br \/>H\u00f4tel Palais de l&#8217;Isle, 13 rue Perri\u00e8re, 74000 Annecy, FRANCE<br \/>Telefono : +33 4 50 45 86 87<br \/>Indirizzo e-mail :<span style=\"color: #3b5764;\"> <a style=\"color: #3b5764;\" href=\"mailto:contact@palaisannecy.com\">contact@palaisannecy.com<\/a><\/span><\/p><h2><span style=\"color: #466777;\">Opposizione al canvassing telefonico<\/span><\/h2><p>Ai sensi dell&#8217;articolo L.223-1 del Codice del Consumo francese, tutti i consumatori hanno la possibilit\u00e0 di iscriversi gratuitamente alla lista di opposizione alle chiamate a freddo di BLOCTEL.<br \/>Per maggiori informazioni o per registrarsi, visitate il sito ufficiale: <span style=\"color: #466777;\"><a style=\"color: #466777;\" href=\"https:\/\/www.bloctel.gouv.fr\" target=\"\u201c_blank\u201d\" rel=\"\u201cnoopener\u201d\">www.bloctel.gouv.fr<\/a>.<\/span><br \/>Se il vostro numero di telefono viene raccolto nell&#8217;ambito delle nostre attivit\u00e0, siete informati del vostro diritto di opporvi a qualsiasi attivit\u00e0 di marketing telefonico registrandovi su questa lista.<\/p><h2 style=\"font-size: 140%; color: #466777;\">Legge applicabile<\/h2><p>Il presente testo \u00e8 soggetto alla legge francese. L&#8217;editore si riserva il diritto di modificare i termini, le condizioni e le esclusioni di responsabilit\u00e0 in qualsiasi momento.<\/p>\t\t\t\t\t\t\t\t<\/div>\n\t\t\t\t<\/div>\n\t\t\t\t\t<\/div>\n\t\t<\/div>\n\t\t\t\t\t<\/div>\n\t\t<\/section>\n\t\t\t\t<\/div>\n\t\t","protected":false},"excerpt":{"rendered":"<p>Note legali Identificazione dell&#8217;editore del sito Azienda : Le Palais SASU (H\u00f4tel le Palais de l&#8217;Isle Annecy)Sede principale : 13 rue Perri\u00e8re, 74000 Annecy, FRANCETelefono :+33 4 50 45 86 87Indirizzo e-mail : contact@palaisannecy.comSIRET :\u00a0829 614 890 00020Capitale sociale : \u00a050 803,04\u00a0\u20acNumero di partita IVA intracomunitaria : FR58829614890Direttore editoriale : Sanddy MAGUER-WINETPersona legalmente responsabile : [&hellip;]<\/p>\n","protected":false},"author":1,"featured_media":0,"parent":0,"menu_order":0,"comment_status":"closed","ping_status":"closed","template":"","meta":{"_acf_changed":false,"footnotes":""},"class_list":["post-21150","page","type-page","status-publish","hentry"],"acf":[],"_links":{"self":[{"href":"https:\/\/www.palaisannecy.com\/it\/wp-json\/wp\/v2\/pages\/21150","targetHints":{"allow":["GET"]}}],"collection":[{"href":"https:\/\/www.palaisannecy.com\/it\/wp-json\/wp\/v2\/pages"}],"about":[{"href":"https:\/\/www.palaisannecy.com\/it\/wp-json\/wp\/v2\/types\/page"}],"author":[{"embeddable":true,"href":"https:\/\/www.palaisannecy.com\/it\/wp-json\/wp\/v2\/users\/1"}],"replies":[{"embeddable":true,"href":"https:\/\/www.palaisannecy.com\/it\/wp-json\/wp\/v2\/comments?post=21150"}],"version-history":[{"count":28,"href":"https:\/\/www.palaisannecy.com\/it\/wp-json\/wp\/v2\/pages\/21150\/revisions"}],"predecessor-version":[{"id":23719,"href":"https:\/\/www.palaisannecy.com\/it\/wp-json\/wp\/v2\/pages\/21150\/revisions\/23719"}],"wp:attachment":[{"href":"https:\/\/www.palaisannecy.com\/it\/wp-json\/wp\/v2\/media?parent=21150"}],"curies":[{"name":"wp","href":"https:\/\/api.w.org\/{rel}","templated":true}]}}